{"id":1569,"date":"2026-02-03T11:40:06","date_gmt":"2026-02-03T10:40:06","guid":{"rendered":"https:\/\/www.studio.hanko.lu\/?post_type=product&#038;p=1569"},"modified":"2026-02-03T11:41:26","modified_gmt":"2026-02-03T10:41:26","slug":"wild-ivy-redange-sur-attert-luxembourg","status":"publish","type":"product","link":"https:\/\/www.studio.hanko.lu\/fr\/produit\/wild-ivy-redange-sur-attert-luxembourg\/","title":{"rendered":"Lierre sauvage \u2014 Redange-sur-Attert, Luxembourg"},"content":{"rendered":"","protected":false},"excerpt":{"rendered":"<p>Apportez caract\u00e8re et \u00e9l\u00e9gance \u00e0 votre espace avec ce tirage d\u2019art \u2014 un ajout parfait pour toute maison ou bureau. Imprim\u00e9 avec un niveau de d\u00e9tail et une qualit\u00e9 exceptionnels, il est con\u00e7u pour inspirer et sublimer votre environnement. Livraison gratuite sous 12 \u00e0 18 jours au Luxembourg.<\/p>","protected":false},"featured_media":1568,"template":"","meta":[],"product_brand":[],"product_cat":[29],"product_tag":[31],"class_list":{"0":"post-1569","1":"product","2":"type-product","3":"status-publish","4":"has-post-thumbnail","6":"product_cat-luxembourg-photography","7":"product_tag-nature","8":"product_shipping_class-eu","10":"first","11":"instock","12":"taxable","13":"shipping-taxable","14":"purchasable","15":"product-type-variable"},"yoast_head":"<!-- This site is optimized with the Yoast SEO plugin v27.3 - https:\/\/yoast.com\/product\/yoast-seo-wordpress\/ -->\n<title>Wild Ivy \u2014 Redange-sur-Attert, Luxembourg - HANKO Studio<\/title>\n<meta name=\"robots\" content=\"index, follow, max-snippet:-1, max-image-preview:large, max-video-preview:-1\" \/>\n<link rel=\"canonical\" href=\"https:\/\/www.studio.hanko.lu\/fr\/produit\/wild-ivy-redange-sur-attert-luxembourg\/\" \/>\n<meta property=\"og:locale\" content=\"fr_FR\" \/>\n<meta property=\"og:type\" content=\"article\" \/>\n<meta property=\"og:title\" content=\"Wild Ivy \u2014 Redange-sur-Attert, Luxembourg - HANKO Studio\" \/>\n<meta property=\"og:description\" content=\"Bring character and elegance to your space with this fine art print \u2014 a perfect addition to any home or office. Printed with exceptional detail and quality, it\u2019s designed to inspire and enhance your surroundings. Free shipping with delivery within 12 to 18 days in Luxembourg.\" \/>\n<meta property=\"og:url\" content=\"https:\/\/www.studio.hanko.lu\/fr\/produit\/wild-ivy-redange-sur-attert-luxembourg\/\" \/>\n<meta property=\"og:site_name\" content=\"HANKO Studio\" \/>\n<meta property=\"article:modified_time\" content=\"2026-02-03T10:41:26+00:00\" \/>\n<meta property=\"og:image\" content=\"https:\/\/www.studio.hanko.lu\/wp-content\/uploads\/sites\/8\/2026\/02\/wild-ivy-redange-framed-print.webp\" \/>\n\t<meta property=\"og:image:width\" content=\"1500\" \/>\n\t<meta property=\"og:image:height\" content=\"1500\" \/>\n\t<meta property=\"og:image:type\" content=\"image\/webp\" \/>\n<meta name=\"twitter:card\" content=\"summary_large_image\" \/>\n<script type=\"application\/ld+json\" class=\"yoast-schema-graph\">{\"@context\":\"https:\\\/\\\/schema.org\",\"@graph\":[{\"@type\":\"WebPage\",\"@id\":\"https:\\\/\\\/www.studio.hanko.lu\\\/produit\\\/wild-ivy-redange-sur-attert-luxembourg\\\/\",\"url\":\"https:\\\/\\\/www.studio.hanko.lu\\\/produit\\\/wild-ivy-redange-sur-attert-luxembourg\\\/\",\"name\":\"Wild Ivy \u2014 Redange-sur-Attert, Luxembourg - HANKO Studio\",\"isPartOf\":{\"@id\":\"https:\\\/\\\/www.studio.hanko.lu\\\/#website\"},\"primaryImageOfPage\":{\"@id\":\"https:\\\/\\\/www.studio.hanko.lu\\\/produit\\\/wild-ivy-redange-sur-attert-luxembourg\\\/#primaryimage\"},\"image\":{\"@id\":\"https:\\\/\\\/www.studio.hanko.lu\\\/produit\\\/wild-ivy-redange-sur-attert-luxembourg\\\/#primaryimage\"},\"thumbnailUrl\":\"https:\\\/\\\/www.studio.hanko.lu\\\/wp-content\\\/uploads\\\/sites\\\/8\\\/2026\\\/02\\\/wild-ivy-redange-framed-print.webp\",\"datePublished\":\"2026-02-03T10:40:06+00:00\",\"dateModified\":\"2026-02-03T10:41:26+00:00\",\"breadcrumb\":{\"@id\":\"https:\\\/\\\/www.studio.hanko.lu\\\/produit\\\/wild-ivy-redange-sur-attert-luxembourg\\\/#breadcrumb\"},\"inLanguage\":\"fr-FR\",\"potentialAction\":[{\"@type\":\"ReadAction\",\"target\":[\"https:\\\/\\\/www.studio.hanko.lu\\\/produit\\\/wild-ivy-redange-sur-attert-luxembourg\\\/\"]}]},{\"@type\":\"ImageObject\",\"inLanguage\":\"fr-FR\",\"@id\":\"https:\\\/\\\/www.studio.hanko.lu\\\/produit\\\/wild-ivy-redange-sur-attert-luxembourg\\\/#primaryimage\",\"url\":\"https:\\\/\\\/www.studio.hanko.lu\\\/wp-content\\\/uploads\\\/sites\\\/8\\\/2026\\\/02\\\/wild-ivy-redange-framed-print.webp\",\"contentUrl\":\"https:\\\/\\\/www.studio.hanko.lu\\\/wp-content\\\/uploads\\\/sites\\\/8\\\/2026\\\/02\\\/wild-ivy-redange-framed-print.webp\",\"width\":1500,\"height\":1500,\"caption\":\"Wild Ivy \u2014 Redange-sur-Attert, Luxembourg - Framed print\"},{\"@type\":\"BreadcrumbList\",\"@id\":\"https:\\\/\\\/www.studio.hanko.lu\\\/produit\\\/wild-ivy-redange-sur-attert-luxembourg\\\/#breadcrumb\",\"itemListElement\":[{\"@type\":\"ListItem\",\"position\":1,\"name\":\"Home\",\"item\":\"https:\\\/\\\/www.studio.hanko.lu\\\/\"},{\"@type\":\"ListItem\",\"position\":2,\"name\":\"Fine Art Prints\",\"item\":\"https:\\\/\\\/www.studio.hanko.lu\\\/shop\\\/\"},{\"@type\":\"ListItem\",\"position\":3,\"name\":\"Wild Ivy \u2014 Redange-sur-Attert, Luxembourg\"}]},{\"@type\":\"WebSite\",\"@id\":\"https:\\\/\\\/www.studio.hanko.lu\\\/#website\",\"url\":\"https:\\\/\\\/www.studio.hanko.lu\\\/\",\"name\":\"HANKO Studio\",\"description\":\"Photography | Video | Web Design | Fine Art Prints\",\"publisher\":{\"@id\":\"https:\\\/\\\/www.studio.hanko.lu\\\/#organization\"},\"potentialAction\":[{\"@type\":\"SearchAction\",\"target\":{\"@type\":\"EntryPoint\",\"urlTemplate\":\"https:\\\/\\\/www.studio.hanko.lu\\\/?s={search_term_string}\"},\"query-input\":{\"@type\":\"PropertyValueSpecification\",\"valueRequired\":true,\"valueName\":\"search_term_string\"}}],\"inLanguage\":\"fr-FR\"},{\"@type\":\"Organization\",\"@id\":\"https:\\\/\\\/www.studio.hanko.lu\\\/#organization\",\"name\":\"HANKO Studio\",\"alternateName\":\"HANKO Studio Luxembourg\",\"url\":\"https:\\\/\\\/www.studio.hanko.lu\\\/\",\"logo\":{\"@type\":\"ImageObject\",\"inLanguage\":\"fr-FR\",\"@id\":\"https:\\\/\\\/www.studio.hanko.lu\\\/#\\\/schema\\\/logo\\\/image\\\/\",\"url\":\"https:\\\/\\\/www.studio.hanko.lu\\\/wp-content\\\/uploads\\\/sites\\\/8\\\/2025\\\/06\\\/hanko-studio-favicon.png\",\"contentUrl\":\"https:\\\/\\\/www.studio.hanko.lu\\\/wp-content\\\/uploads\\\/sites\\\/8\\\/2025\\\/06\\\/hanko-studio-favicon.png\",\"width\":512,\"height\":512,\"caption\":\"HANKO Studio\"},\"image\":{\"@id\":\"https:\\\/\\\/www.studio.hanko.lu\\\/#\\\/schema\\\/logo\\\/image\\\/\"},\"sameAs\":[\"https:\\\/\\\/www.instagram.com\\\/studio.hanko.lu\\\/\"]}]}<\/script>\n<!-- \/ Yoast SEO plugin. -->","yoast_head_json":{"title":"Wild Ivy \u2014 Redange-sur-Attert, Luxembourg - HANKO Studio","robots":{"index":"index","follow":"follow","max-snippet":"max-snippet:-1","max-image-preview":"max-image-preview:large","max-video-preview":"max-video-preview:-1"},"canonical":"https:\/\/www.studio.hanko.lu\/fr\/produit\/wild-ivy-redange-sur-attert-luxembourg\/","og_locale":"fr_FR","og_type":"article","og_title":"Wild Ivy \u2014 Redange-sur-Attert, Luxembourg - HANKO Studio","og_description":"Bring character and elegance to your space with this fine art print \u2014 a perfect addition to any home or office. Printed with exceptional detail and quality, it\u2019s designed to inspire and enhance your surroundings. Free shipping with delivery within 12 to 18 days in Luxembourg.","og_url":"https:\/\/www.studio.hanko.lu\/fr\/produit\/wild-ivy-redange-sur-attert-luxembourg\/","og_site_name":"HANKO Studio","article_modified_time":"2026-02-03T10:41:26+00:00","og_image":[{"width":1500,"height":1500,"url":"https:\/\/www.studio.hanko.lu\/wp-content\/uploads\/sites\/8\/2026\/02\/wild-ivy-redange-framed-print.webp","type":"image\/webp"}],"twitter_card":"summary_large_image","schema":{"@context":"https:\/\/schema.org","@graph":[{"@type":"WebPage","@id":"https:\/\/www.studio.hanko.lu\/produit\/wild-ivy-redange-sur-attert-luxembourg\/","url":"https:\/\/www.studio.hanko.lu\/produit\/wild-ivy-redange-sur-attert-luxembourg\/","name":"Wild Ivy \u2014 Redange-sur-Attert, Luxembourg - HANKO Studio","isPartOf":{"@id":"https:\/\/www.studio.hanko.lu\/#website"},"primaryImageOfPage":{"@id":"https:\/\/www.studio.hanko.lu\/produit\/wild-ivy-redange-sur-attert-luxembourg\/#primaryimage"},"image":{"@id":"https:\/\/www.studio.hanko.lu\/produit\/wild-ivy-redange-sur-attert-luxembourg\/#primaryimage"},"thumbnailUrl":"https:\/\/www.studio.hanko.lu\/wp-content\/uploads\/sites\/8\/2026\/02\/wild-ivy-redange-framed-print.webp","datePublished":"2026-02-03T10:40:06+00:00","dateModified":"2026-02-03T10:41:26+00:00","breadcrumb":{"@id":"https:\/\/www.studio.hanko.lu\/produit\/wild-ivy-redange-sur-attert-luxembourg\/#breadcrumb"},"inLanguage":"fr-FR","potentialAction":[{"@type":"ReadAction","target":["https:\/\/www.studio.hanko.lu\/produit\/wild-ivy-redange-sur-attert-luxembourg\/"]}]},{"@type":"ImageObject","inLanguage":"fr-FR","@id":"https:\/\/www.studio.hanko.lu\/produit\/wild-ivy-redange-sur-attert-luxembourg\/#primaryimage","url":"https:\/\/www.studio.hanko.lu\/wp-content\/uploads\/sites\/8\/2026\/02\/wild-ivy-redange-framed-print.webp","contentUrl":"https:\/\/www.studio.hanko.lu\/wp-content\/uploads\/sites\/8\/2026\/02\/wild-ivy-redange-framed-print.webp","width":1500,"height":1500,"caption":"Wild Ivy \u2014 Redange-sur-Attert, Luxembourg - Framed print"},{"@type":"BreadcrumbList","@id":"https:\/\/www.studio.hanko.lu\/produit\/wild-ivy-redange-sur-attert-luxembourg\/#breadcrumb","itemListElement":[{"@type":"ListItem","position":1,"name":"Home","item":"https:\/\/www.studio.hanko.lu\/"},{"@type":"ListItem","position":2,"name":"Fine Art Prints","item":"https:\/\/www.studio.hanko.lu\/shop\/"},{"@type":"ListItem","position":3,"name":"Wild Ivy \u2014 Redange-sur-Attert, Luxembourg"}]},{"@type":"WebSite","@id":"https:\/\/www.studio.hanko.lu\/#website","url":"https:\/\/www.studio.hanko.lu\/","name":"Studio HANKO","description":"Photographie | Vid\u00e9o | Conception web | Tirages d&#039;art","publisher":{"@id":"https:\/\/www.studio.hanko.lu\/#organization"},"potentialAction":[{"@type":"SearchAction","target":{"@type":"EntryPoint","urlTemplate":"https:\/\/www.studio.hanko.lu\/?s={search_term_string}"},"query-input":{"@type":"PropertyValueSpecification","valueRequired":true,"valueName":"search_term_string"}}],"inLanguage":"fr-FR"},{"@type":"Organization","@id":"https:\/\/www.studio.hanko.lu\/#organization","name":"Studio HANKO","alternateName":"HANKO Studio Luxembourg","url":"https:\/\/www.studio.hanko.lu\/","logo":{"@type":"ImageObject","inLanguage":"fr-FR","@id":"https:\/\/www.studio.hanko.lu\/#\/schema\/logo\/image\/","url":"https:\/\/www.studio.hanko.lu\/wp-content\/uploads\/sites\/8\/2025\/06\/hanko-studio-favicon.png","contentUrl":"https:\/\/www.studio.hanko.lu\/wp-content\/uploads\/sites\/8\/2025\/06\/hanko-studio-favicon.png","width":512,"height":512,"caption":"HANKO Studio"},"image":{"@id":"https:\/\/www.studio.hanko.lu\/#\/schema\/logo\/image\/"},"sameAs":["https:\/\/www.instagram.com\/studio.hanko.lu\/"]}]}},"_links":{"self":[{"href":"https:\/\/www.studio.hanko.lu\/fr\/wp-json\/wp\/v2\/product\/1569","targetHints":{"allow":["GET"]}}],"collection":[{"href":"https:\/\/www.studio.hanko.lu\/fr\/wp-json\/wp\/v2\/product"}],"about":[{"href":"https:\/\/www.studio.hanko.lu\/fr\/wp-json\/wp\/v2\/types\/product"}],"wp:featuredmedia":[{"embeddable":true,"href":"https:\/\/www.studio.hanko.lu\/fr\/wp-json\/wp\/v2\/media\/1568"}],"wp:attachment":[{"href":"https:\/\/www.studio.hanko.lu\/fr\/wp-json\/wp\/v2\/media?parent=1569"}],"wp:term":[{"taxonomy":"product_brand","embeddable":true,"href":"https:\/\/www.studio.hanko.lu\/fr\/wp-json\/wp\/v2\/product_brand?post=1569"},{"taxonomy":"product_cat","embeddable":true,"href":"https:\/\/www.studio.hanko.lu\/fr\/wp-json\/wp\/v2\/product_cat?post=1569"},{"taxonomy":"product_tag","embeddable":true,"href":"https:\/\/www.studio.hanko.lu\/fr\/wp-json\/wp\/v2\/product_tag?post=1569"}],"curies":[{"name":"wp","href":"https:\/\/api.w.org\/{rel}","templated":true}]}}