{"id":1460,"date":"2025-11-24T09:11:58","date_gmt":"2025-11-24T08:11:58","guid":{"rendered":"https:\/\/www.studio.hanko.lu\/?page_id=1460"},"modified":"2026-03-10T15:18:41","modified_gmt":"2026-03-10T14:18:41","slug":"about-hanko-studio","status":"publish","type":"page","link":"https:\/\/www.studio.hanko.lu\/fr\/about-hanko-studio\/","title":{"rendered":"\u00c0 propos de HANKO Studio"},"content":{"rendered":"<div class=\"wp-block-columns is-layout-flex wp-container-core-columns-is-layout-622152a3 wp-block-columns-is-layout-flex\" style=\"padding-bottom:var(--wp--preset--spacing--80)\">\n<div class=\"wp-block-column is-vertically-aligned-center is-layout-flow wp-block-column-is-layout-flow\" style=\"flex-basis:66.66%\">\n<h1 class=\"wp-block-heading\" style=\"font-style:normal;font-weight:1000\">\u00c0 propos de HANKO Studio<\/h1>\n\n\n\n<p>HANKO Studio, fond\u00e9 en 2025 au sein de HANKO S\u00c0RL \u00e0 Bilsdorf, Luxembourg, est un studio cr\u00e9atif sp\u00e9cialis\u00e9 dans la photographie, la production vid\u00e9o et la cr\u00e9ation de sites web. En regroupant tous ces services sous un m\u00eame toit, nous aidons les entreprises \u00e0 cr\u00e9er des visuels coh\u00e9rents et percutants, capables de capter l\u2019attention, d\u2019engager leur audience et de renforcer l\u2019identit\u00e9 de leur marque. Nous g\u00e9rons \u00e9galement une boutique de tirages d\u2019art, pr\u00e9sentant des photographies r\u00e9alis\u00e9es au Luxembourg et ailleurs \u2014 parfaites pour illuminer, d\u00e9corer ou personnaliser votre bureau ou votre domicile.<\/p>\n\n\n\n<h2 class=\"wp-block-heading\" style=\"margin-top:var(--wp--preset--spacing--50);font-style:normal;font-weight:1000\">Rejoignez l\u2019\u00e9quipe<\/h2>\n\n\n\n<p>Souhaitez-vous faire partie d\u2019une \u00e9quipe cr\u00e9ative multilingue qui transforme les id\u00e9es en visuels inspirants\u202f? D\u00e9couvrez nos opportunit\u00e9s ci-dessous.<\/p>\n\n\n\n<blockquote class=\"wp-block-quote is-layout-flow wp-block-quote-is-layout-flow\">\n<p class=\"has-medium-font-size\"><em>Pour le moment, nous n\u2019avons aucun poste vacant \u2014 mais n\u2019h\u00e9sitez pas \u00e0 revenir consulter nos offres prochainement.<\/em><\/p>\n<\/blockquote>\n<\/div>\n\n\n\n<div class=\"wp-block-column is-vertically-aligned-center is-layout-flow wp-block-column-is-layout-flow\" style=\"flex-basis:33.33%\">\n<figure class=\"wp-block-image size-full\" style=\"margin-top:var(--wp--preset--spacing--20)\"><img decoding=\"async\" src=\"https:\/\/www.studio.hanko.lu\/wp-content\/uploads\/sites\/8\/2025\/11\/hanko-studio-sergio-alves-santos-portrait.webp\" alt=\"S\u00e9rgio Alves Santos, Founder &amp; CEO of HANKO S\u00c0RL\" class=\"wp-image-1494\"\/><figcaption class=\"wp-element-caption\">S\u00e9rgio Alves Santos, Fondateur et PDG de HANKO S\u00c0RL<\/figcaption><\/figure>\n<\/div>\n<\/div>\n\n\n\n<div class=\"wp-block-group has-background has-global-padding is-layout-constrained wp-container-core-group-is-layout-54663031 wp-block-group-is-layout-constrained\" style=\"background-color:#f6f6f6;margin-top:var(--wp--preset--spacing--80);margin-bottom:var(--wp--preset--spacing--80);padding-top:var(--wp--preset--spacing--80);padding-right:var(--wp--preset--spacing--50);padding-bottom:var(--wp--preset--spacing--80);padding-left:var(--wp--preset--spacing--50)\">\n<h2 class=\"wp-block-heading has-text-align-center\" style=\"margin-bottom:var(--wp--preset--spacing--30);font-style:normal;font-weight:1000\">Comment HANKO Studio peut-il vous aider\u202f?<\/h2>\n\n\n\n<p class=\"has-text-align-center\" style=\"margin-bottom:var(--wp--preset--spacing--50)\">D\u00e9couvrez toutes les fa\u00e7ons dont notre \u00e9quipe peut accompagner votre entreprise \u2014 ou contactez-nous directement.<br>T\u00e9l\u00e9phone\/WhatsApp : <a href=\"tel:+352621574751\">+352 621 574 751<\/a>.<\/p>\n\n\n\n<div class=\"wp-block-buttons is-content-justification-center is-layout-flex wp-container-core-buttons-is-layout-a89b3969 wp-block-buttons-is-layout-flex\">\n<div class=\"wp-block-button is-style-outline is-style-outline--1\"><a class=\"wp-block-button__link wp-element-button\" href=\"https:\/\/www.studio.hanko.lu\/fr\/#services\" style=\"border-width:2px;border-radius:0px\">Nos services<\/a><\/div>\n\n\n\n<div class=\"wp-block-button is-style-fill\"><a class=\"wp-block-button__link wp-element-button\" href=\"mailto:info@hanko.lu\" style=\"border-style:none;border-width:0px;border-radius:0px\">info@hanko.lu<\/a><\/div>\n<\/div>\n<\/div>\n\n\n\n<div class=\"wp-block-group is-layout-flow wp-block-group-is-layout-flow\" style=\"margin-bottom:var(--wp--preset--spacing--80);padding-top:var(--wp--preset--spacing--80);padding-bottom:var(--wp--preset--spacing--80)\">\n<div class=\"wp-block-columns is-layout-flex wp-container-core-columns-is-layout-5bc48756 wp-block-columns-is-layout-flex\">\n<div class=\"wp-block-column is-vertically-aligned-center is-layout-flow wp-block-column-is-layout-flow\" style=\"flex-basis:35%\">\n<h2 class=\"wp-block-heading\" id=\"photo\" style=\"margin-bottom:var(--wp--preset--spacing--50);font-style:normal;font-weight:1000\">HANKO Stempel<\/h2>\n\n\n\n<div class=\"wp-block-group is-vertical is-layout-flex wp-container-core-group-is-layout-4b827052 wp-block-group-is-layout-flex\">\n<p class=\"has-medium-font-size\" style=\"margin-bottom:var(--wp--preset--spacing--30)\">Fait \u00e9galement partie de HANKO S\u00c0RL, HANKO Stempel propose depuis 2016 des tampons en caoutchouc personnalis\u00e9s pour les entreprises et les particuliers. Gr\u00e2ce \u00e0 des technologies modernes telles que la gravure laser et la fabrication de tampons encreurs pr\u00e9encr\u00e9s, nous fournissons des tampons de haute qualit\u00e9 rapidement \u2014 tant au Luxembourg qu\u2019\u00e0 l\u2019international.<\/p>\n\n\n\n<p class=\"has-medium-font-size\" style=\"margin-bottom:var(--wp--preset--spacing--30)\">Que vous ayez besoin d\u2019un tampon d\u2019entreprise professionnel, d\u2019un tampon de signature personnel ou d\u2019un design cr\u00e9atif pour un projet, nous r\u00e9alisons tout en interne afin de garantir une qualit\u00e9 optimale et des d\u00e9lais rapides. Choisissez votre mod\u00e8le, t\u00e9l\u00e9versez votre design ou cr\u00e9ez-en un avec notre aide, et nous nous occupons du reste.<\/p>\n\n\n\n<div class=\"wp-block-buttons is-layout-flex wp-block-buttons-is-layout-flex\" style=\"margin-top:var(--wp--preset--spacing--50)\">\n<div class=\"wp-block-button\"><a class=\"wp-block-button__link wp-element-button\" href=\"https:\/\/www.hanko.lu\" style=\"border-radius:0px\" target=\"_blank\" rel=\"noreferrer noopener\">Visitez HANKO Stempel<\/a><\/div>\n<\/div>\n<\/div>\n<\/div>\n\n\n\n<div class=\"wp-block-column is-vertically-aligned-center is-layout-flow wp-block-column-is-layout-flow\" style=\"flex-basis:65%\">\n<div class=\"wp-block-group is-layout-grid wp-container-core-group-is-layout-df4581a5 wp-block-group-is-layout-grid\">\n<div style=\"aspect-ratio:1;min-height:unset;\" class=\"wp-block-cover is-light has-aspect-ratio\"><img loading=\"lazy\" decoding=\"async\" width=\"1200\" height=\"1200\" class=\"wp-block-cover__image-background wp-image-1473 size-full\" alt=\"HANKO Stempel - Product Photography - Trodat edy\" src=\"https:\/\/www.studio.hanko.lu\/wp-content\/uploads\/sites\/8\/2025\/11\/hanko-stempel-product-photography-01.webp\" data-object-fit=\"cover\" srcset=\"https:\/\/www.studio.hanko.lu\/wp-content\/uploads\/sites\/8\/2025\/11\/hanko-stempel-product-photography-01.webp 1200w, https:\/\/www.studio.hanko.lu\/wp-content\/uploads\/sites\/8\/2025\/11\/hanko-stempel-product-photography-01-500x500.webp 500w, https:\/\/www.studio.hanko.lu\/wp-content\/uploads\/sites\/8\/2025\/11\/hanko-stempel-product-photography-01-150x150.webp 150w, https:\/\/www.studio.hanko.lu\/wp-content\/uploads\/sites\/8\/2025\/11\/hanko-stempel-product-photography-01-768x768.webp 768w, https:\/\/www.studio.hanko.lu\/wp-content\/uploads\/sites\/8\/2025\/11\/hanko-stempel-product-photography-01-300x300.webp 300w, https:\/\/www.studio.hanko.lu\/wp-content\/uploads\/sites\/8\/2025\/11\/hanko-stempel-product-photography-01-600x600.webp 600w, https:\/\/www.studio.hanko.lu\/wp-content\/uploads\/sites\/8\/2025\/11\/hanko-stempel-product-photography-01-100x100.webp 100w, https:\/\/www.studio.hanko.lu\/wp-content\/uploads\/sites\/8\/2025\/11\/hanko-stempel-product-photography-01-32x32.webp 32w\" sizes=\"auto, (max-width: 1200px) 100vw, 1200px\" \/><span aria-hidden=\"true\" class=\"wp-block-cover__background has-background-dim-0 has-background-dim\"><\/span><div class=\"wp-block-cover__inner-container has-global-padding is-layout-constrained wp-block-cover-is-layout-constrained\">\n<p class=\"has-text-align-center has-large-font-size\"><\/p>\n<\/div><\/div>\n\n\n\n<div style=\"aspect-ratio:1;min-height:unset;\" class=\"wp-block-cover is-light has-aspect-ratio\"><img loading=\"lazy\" decoding=\"async\" width=\"1200\" height=\"1200\" class=\"wp-block-cover__image-background wp-image-1475 size-full\" alt=\"HANKO Stempel - Product Photography - Wooden Stamp\" src=\"https:\/\/www.studio.hanko.lu\/wp-content\/uploads\/sites\/8\/2025\/11\/hanko-stempel-product-photography-03.webp\" data-object-fit=\"cover\" srcset=\"https:\/\/www.studio.hanko.lu\/wp-content\/uploads\/sites\/8\/2025\/11\/hanko-stempel-product-photography-03.webp 1200w, https:\/\/www.studio.hanko.lu\/wp-content\/uploads\/sites\/8\/2025\/11\/hanko-stempel-product-photography-03-500x500.webp 500w, https:\/\/www.studio.hanko.lu\/wp-content\/uploads\/sites\/8\/2025\/11\/hanko-stempel-product-photography-03-150x150.webp 150w, https:\/\/www.studio.hanko.lu\/wp-content\/uploads\/sites\/8\/2025\/11\/hanko-stempel-product-photography-03-768x768.webp 768w, https:\/\/www.studio.hanko.lu\/wp-content\/uploads\/sites\/8\/2025\/11\/hanko-stempel-product-photography-03-300x300.webp 300w, https:\/\/www.studio.hanko.lu\/wp-content\/uploads\/sites\/8\/2025\/11\/hanko-stempel-product-photography-03-600x600.webp 600w, https:\/\/www.studio.hanko.lu\/wp-content\/uploads\/sites\/8\/2025\/11\/hanko-stempel-product-photography-03-100x100.webp 100w, https:\/\/www.studio.hanko.lu\/wp-content\/uploads\/sites\/8\/2025\/11\/hanko-stempel-product-photography-03-32x32.webp 32w\" sizes=\"auto, (max-width: 1200px) 100vw, 1200px\" \/><span aria-hidden=\"true\" class=\"wp-block-cover__background has-background-dim-0 has-background-dim\"><\/span><div class=\"wp-block-cover__inner-container has-global-padding is-layout-constrained wp-block-cover-is-layout-constrained\">\n<p class=\"has-text-align-center has-large-font-size\"><\/p>\n<\/div><\/div>\n\n\n\n<div style=\"aspect-ratio:1;min-height:unset;\" class=\"wp-block-cover is-light has-aspect-ratio\"><img decoding=\"async\" class=\"wp-block-cover__image-background wp-image-1474 size-full\" alt=\"HANKO Stempel - Product Photography - Pre-inked stamp with portrait\" src=\"https:\/\/www.studio.hanko.lu\/wp-content\/uploads\/sites\/8\/2025\/11\/hanko-stempel-product-photography-02.webp\" data-object-fit=\"cover\"\/><span aria-hidden=\"true\" class=\"wp-block-cover__background has-background-dim-0 has-background-dim\"><\/span><div class=\"wp-block-cover__inner-container has-global-padding is-layout-constrained wp-block-cover-is-layout-constrained\">\n<p class=\"has-text-align-center has-large-font-size\"><\/p>\n<\/div><\/div>\n\n\n\n<div style=\"aspect-ratio:1;min-height:unset;\" class=\"wp-block-cover is-light has-aspect-ratio\"><img loading=\"lazy\" decoding=\"async\" width=\"1200\" height=\"1200\" class=\"wp-block-cover__image-background wp-image-1476 size-full\" alt=\"HANKO Stempel - Product Photography - Beeluxe\" src=\"https:\/\/www.studio.hanko.lu\/wp-content\/uploads\/sites\/8\/2025\/11\/hanko-stempel-product-photography-04.webp\" data-object-fit=\"cover\" srcset=\"https:\/\/www.studio.hanko.lu\/wp-content\/uploads\/sites\/8\/2025\/11\/hanko-stempel-product-photography-04.webp 1200w, https:\/\/www.studio.hanko.lu\/wp-content\/uploads\/sites\/8\/2025\/11\/hanko-stempel-product-photography-04-500x500.webp 500w, https:\/\/www.studio.hanko.lu\/wp-content\/uploads\/sites\/8\/2025\/11\/hanko-stempel-product-photography-04-150x150.webp 150w, https:\/\/www.studio.hanko.lu\/wp-content\/uploads\/sites\/8\/2025\/11\/hanko-stempel-product-photography-04-768x768.webp 768w, https:\/\/www.studio.hanko.lu\/wp-content\/uploads\/sites\/8\/2025\/11\/hanko-stempel-product-photography-04-300x300.webp 300w, https:\/\/www.studio.hanko.lu\/wp-content\/uploads\/sites\/8\/2025\/11\/hanko-stempel-product-photography-04-600x600.webp 600w, https:\/\/www.studio.hanko.lu\/wp-content\/uploads\/sites\/8\/2025\/11\/hanko-stempel-product-photography-04-100x100.webp 100w, https:\/\/www.studio.hanko.lu\/wp-content\/uploads\/sites\/8\/2025\/11\/hanko-stempel-product-photography-04-32x32.webp 32w\" sizes=\"auto, (max-width: 1200px) 100vw, 1200px\" \/><span aria-hidden=\"true\" class=\"wp-block-cover__background has-background-dim-0 has-background-dim\"><\/span><div class=\"wp-block-cover__inner-container has-global-padding is-layout-constrained wp-block-cover-is-layout-constrained\">\n<p class=\"has-text-align-center has-large-font-size\"><\/p>\n<\/div><\/div>\n<\/div>\n<\/div>\n<\/div>\n<\/div>\n\n\n\n<div class=\"wp-block-group has-background has-global-padding is-layout-constrained wp-container-core-group-is-layout-b7cc6514 wp-block-group-is-layout-constrained\" style=\"background-color:#f2eeeb;padding-right:0;padding-left:0\">\n<div class=\"wp-block-columns newsletter-section has-background is-layout-flex wp-container-core-columns-is-layout-19e0ed45 wp-block-columns-is-layout-flex\" style=\"background-color:#e5ddd6;margin-top:var(--wp--preset--spacing--70);margin-bottom:0;padding-top:0;padding-right:0;padding-bottom:0;padding-left:0\">\n<div class=\"wp-block-column is-layout-flow wp-container-core-column-is-layout-8a368f38 wp-block-column-is-layout-flow\" style=\"flex-basis:60%\">\n<div class=\"wp-block-cover is-light cover-mobile-height\" style=\"min-height:650px;aspect-ratio:unset;\"><img loading=\"lazy\" decoding=\"async\" width=\"2560\" height=\"1737\" class=\"wp-block-cover__image-background wp-image-1013 size-full\" alt=\"HANKO Studio - Fine Art Store Homepage Banner\" src=\"https:\/\/www.studio.hanko.lu\/wp-content\/uploads\/sites\/8\/2025\/07\/hanko-studio-fine-art-store-homepage-banner-scaled.webp\" data-object-fit=\"cover\" srcset=\"https:\/\/www.studio.hanko.lu\/wp-content\/uploads\/sites\/8\/2025\/07\/hanko-studio-fine-art-store-homepage-banner-scaled.webp 2560w, https:\/\/www.studio.hanko.lu\/wp-content\/uploads\/sites\/8\/2025\/07\/hanko-studio-fine-art-store-homepage-banner-500x339.webp 500w, https:\/\/www.studio.hanko.lu\/wp-content\/uploads\/sites\/8\/2025\/07\/hanko-studio-fine-art-store-homepage-banner-1500x1018.webp 1500w, https:\/\/www.studio.hanko.lu\/wp-content\/uploads\/sites\/8\/2025\/07\/hanko-studio-fine-art-store-homepage-banner-768x521.webp 768w, https:\/\/www.studio.hanko.lu\/wp-content\/uploads\/sites\/8\/2025\/07\/hanko-studio-fine-art-store-homepage-banner-1536x1042.webp 1536w, https:\/\/www.studio.hanko.lu\/wp-content\/uploads\/sites\/8\/2025\/07\/hanko-studio-fine-art-store-homepage-banner-2048x1389.webp 2048w, https:\/\/www.studio.hanko.lu\/wp-content\/uploads\/sites\/8\/2025\/07\/hanko-studio-fine-art-store-homepage-banner-600x407.webp 600w\" sizes=\"auto, (max-width: 2560px) 100vw, 2560px\" \/><span aria-hidden=\"true\" class=\"wp-block-cover__background has-background-dim-0 has-background-dim\"><\/span><div class=\"wp-block-cover__inner-container has-global-padding is-layout-constrained wp-block-cover-is-layout-constrained\">\n<p class=\"has-text-align-center has-large-font-size\"><\/p>\n<\/div><\/div>\n<\/div>\n\n\n\n<div class=\"wp-block-column is-vertically-aligned-center is-layout-flow wp-container-core-column-is-layout-d343a57a wp-block-column-is-layout-flow\" style=\"padding-top:var(--wp--preset--spacing--60);padding-right:0;padding-bottom:var(--wp--preset--spacing--60);padding-left:0;flex-basis:40%\">\n<div class=\"wp-block-group has-global-padding is-layout-constrained wp-container-core-group-is-layout-9a2a1662 wp-block-group-is-layout-constrained\" style=\"padding-top:var(--wp--preset--spacing--60);padding-right:var(--wp--preset--spacing--60);padding-bottom:var(--wp--preset--spacing--60);padding-left:var(--wp--preset--spacing--60)\">\n<h2 class=\"wp-block-heading has-x-large-font-size\" style=\"font-style:normal;font-weight:900;line-height:1.4\">Tirages photographiques haut de gamme pour votre maison ou votre bureau<\/h2>\n\n\n\n<p style=\"margin-bottom:0\">\u2014 par le photographe luxembourgeois S\u00e9rgio Alves Santos<\/p>\n\n\n\n<div class=\"wp-block-buttons is-content-justification-left is-layout-flex wp-container-core-buttons-is-layout-a15c5ca6 wp-block-buttons-is-layout-flex\" style=\"margin-top:var(--wp--preset--spacing--50)\">\n<div class=\"wp-block-button\"><a class=\"wp-block-button__link wp-element-button\" href=\"\/fr\/shop\/\" style=\"border-radius:0px;font-style:normal;font-weight:600\">ACHETER DES TIRAGES PHOTOS<\/a><\/div>\n<\/div>\n<\/div>\n<\/div>\n<\/div>\n<\/div>","protected":false},"excerpt":{"rendered":"<p>About HANKO Studio HANKO Studio, founded in 2025 as part of HANKO S\u00c0RL in Bilsdorf, Luxembourg, is a creative studio specializing in photography, video production, and web design. By bringing all these services together under one roof, we help businesses build cohesive, impactful visuals that capture attention, engage their audience, and strengthen their brand identity. [&hellip;]<\/p>\n","protected":false},"author":1,"featured_media":0,"parent":0,"menu_order":0,"comment_status":"closed","ping_status":"closed","template":"page-no-title","meta":{"footnotes":""},"class_list":["post-1460","page","type-page","status-publish","hentry"],"yoast_head":"<!-- This site is optimized with the Yoast SEO plugin v27.3 - https:\/\/yoast.com\/product\/yoast-seo-wordpress\/ -->\n<title>About HANKO Studio - HANKO Studio<\/title>\n<meta name=\"description\" content=\"HANKO Studio, founded in 2025 as part of HANKO S\u00c0RL, is a creative studio specializing in photography, video production, and web design.\" \/>\n<meta name=\"robots\" content=\"index, follow, max-snippet:-1, max-image-preview:large, max-video-preview:-1\" \/>\n<link rel=\"canonical\" href=\"https:\/\/www.studio.hanko.lu\/fr\/about-hanko-studio\/\" \/>\n<meta property=\"og:locale\" content=\"fr_FR\" \/>\n<meta property=\"og:type\" content=\"article\" \/>\n<meta property=\"og:title\" content=\"About HANKO Studio - HANKO Studio\" \/>\n<meta property=\"og:description\" content=\"HANKO Studio, founded in 2025 as part of HANKO S\u00c0RL, is a creative studio specializing in photography, video production, and web design.\" \/>\n<meta property=\"og:url\" content=\"https:\/\/www.studio.hanko.lu\/fr\/about-hanko-studio\/\" \/>\n<meta property=\"og:site_name\" content=\"HANKO Studio\" \/>\n<meta property=\"article:modified_time\" content=\"2026-03-10T14:18:41+00:00\" \/>\n<meta name=\"twitter:card\" content=\"summary_large_image\" \/>\n<script type=\"application\/ld+json\" class=\"yoast-schema-graph\">{\"@context\":\"https:\\\/\\\/schema.org\",\"@graph\":[{\"@type\":\"WebPage\",\"@id\":\"https:\\\/\\\/www.studio.hanko.lu\\\/about-hanko-studio\\\/\",\"url\":\"https:\\\/\\\/www.studio.hanko.lu\\\/about-hanko-studio\\\/\",\"name\":\"About HANKO Studio - HANKO Studio\",\"isPartOf\":{\"@id\":\"https:\\\/\\\/www.studio.hanko.lu\\\/#website\"},\"primaryImageOfPage\":{\"@id\":\"https:\\\/\\\/www.studio.hanko.lu\\\/about-hanko-studio\\\/#primaryimage\"},\"image\":{\"@id\":\"https:\\\/\\\/www.studio.hanko.lu\\\/about-hanko-studio\\\/#primaryimage\"},\"thumbnailUrl\":\"https:\\\/\\\/www.studio.hanko.lu\\\/wp-content\\\/uploads\\\/sites\\\/8\\\/2025\\\/11\\\/hanko-studio-sergio-alves-santos-portrait.webp\",\"datePublished\":\"2025-11-24T08:11:58+00:00\",\"dateModified\":\"2026-03-10T14:18:41+00:00\",\"description\":\"HANKO Studio, founded in 2025 as part of HANKO S\u00c0RL, is a creative studio specializing in photography, video production, and web design.\",\"breadcrumb\":{\"@id\":\"https:\\\/\\\/www.studio.hanko.lu\\\/about-hanko-studio\\\/#breadcrumb\"},\"inLanguage\":\"fr-FR\",\"potentialAction\":[{\"@type\":\"ReadAction\",\"target\":[\"https:\\\/\\\/www.studio.hanko.lu\\\/about-hanko-studio\\\/\"]}]},{\"@type\":\"ImageObject\",\"inLanguage\":\"fr-FR\",\"@id\":\"https:\\\/\\\/www.studio.hanko.lu\\\/about-hanko-studio\\\/#primaryimage\",\"url\":\"https:\\\/\\\/www.studio.hanko.lu\\\/wp-content\\\/uploads\\\/sites\\\/8\\\/2025\\\/11\\\/hanko-studio-sergio-alves-santos-portrait.webp\",\"contentUrl\":\"https:\\\/\\\/www.studio.hanko.lu\\\/wp-content\\\/uploads\\\/sites\\\/8\\\/2025\\\/11\\\/hanko-studio-sergio-alves-santos-portrait.webp\"},{\"@type\":\"BreadcrumbList\",\"@id\":\"https:\\\/\\\/www.studio.hanko.lu\\\/about-hanko-studio\\\/#breadcrumb\",\"itemListElement\":[{\"@type\":\"ListItem\",\"position\":1,\"name\":\"Home\",\"item\":\"https:\\\/\\\/www.studio.hanko.lu\\\/\"},{\"@type\":\"ListItem\",\"position\":2,\"name\":\"About HANKO Studio\"}]},{\"@type\":\"WebSite\",\"@id\":\"https:\\\/\\\/www.studio.hanko.lu\\\/#website\",\"url\":\"https:\\\/\\\/www.studio.hanko.lu\\\/\",\"name\":\"HANKO Studio\",\"description\":\"Photography | Video | Web Design | Fine Art Prints\",\"publisher\":{\"@id\":\"https:\\\/\\\/www.studio.hanko.lu\\\/#organization\"},\"potentialAction\":[{\"@type\":\"SearchAction\",\"target\":{\"@type\":\"EntryPoint\",\"urlTemplate\":\"https:\\\/\\\/www.studio.hanko.lu\\\/?s={search_term_string}\"},\"query-input\":{\"@type\":\"PropertyValueSpecification\",\"valueRequired\":true,\"valueName\":\"search_term_string\"}}],\"inLanguage\":\"fr-FR\"},{\"@type\":\"Organization\",\"@id\":\"https:\\\/\\\/www.studio.hanko.lu\\\/#organization\",\"name\":\"HANKO Studio\",\"alternateName\":\"HANKO Studio Luxembourg\",\"url\":\"https:\\\/\\\/www.studio.hanko.lu\\\/\",\"logo\":{\"@type\":\"ImageObject\",\"inLanguage\":\"fr-FR\",\"@id\":\"https:\\\/\\\/www.studio.hanko.lu\\\/#\\\/schema\\\/logo\\\/image\\\/\",\"url\":\"https:\\\/\\\/www.studio.hanko.lu\\\/wp-content\\\/uploads\\\/sites\\\/8\\\/2025\\\/06\\\/hanko-studio-favicon.png\",\"contentUrl\":\"https:\\\/\\\/www.studio.hanko.lu\\\/wp-content\\\/uploads\\\/sites\\\/8\\\/2025\\\/06\\\/hanko-studio-favicon.png\",\"width\":512,\"height\":512,\"caption\":\"HANKO Studio\"},\"image\":{\"@id\":\"https:\\\/\\\/www.studio.hanko.lu\\\/#\\\/schema\\\/logo\\\/image\\\/\"},\"sameAs\":[\"https:\\\/\\\/www.instagram.com\\\/studio.hanko.lu\\\/\"]}]}<\/script>\n<!-- \/ Yoast SEO plugin. -->","yoast_head_json":{"title":"About HANKO Studio - HANKO Studio","description":"HANKO Studio, founded in 2025 as part of HANKO S\u00c0RL, is a creative studio specializing in photography, video production, and web design.","robots":{"index":"index","follow":"follow","max-snippet":"max-snippet:-1","max-image-preview":"max-image-preview:large","max-video-preview":"max-video-preview:-1"},"canonical":"https:\/\/www.studio.hanko.lu\/fr\/about-hanko-studio\/","og_locale":"fr_FR","og_type":"article","og_title":"About HANKO Studio - HANKO Studio","og_description":"HANKO Studio, founded in 2025 as part of HANKO S\u00c0RL, is a creative studio specializing in photography, video production, and web design.","og_url":"https:\/\/www.studio.hanko.lu\/fr\/about-hanko-studio\/","og_site_name":"HANKO Studio","article_modified_time":"2026-03-10T14:18:41+00:00","twitter_card":"summary_large_image","schema":{"@context":"https:\/\/schema.org","@graph":[{"@type":"WebPage","@id":"https:\/\/www.studio.hanko.lu\/about-hanko-studio\/","url":"https:\/\/www.studio.hanko.lu\/about-hanko-studio\/","name":"About HANKO Studio - HANKO Studio","isPartOf":{"@id":"https:\/\/www.studio.hanko.lu\/#website"},"primaryImageOfPage":{"@id":"https:\/\/www.studio.hanko.lu\/about-hanko-studio\/#primaryimage"},"image":{"@id":"https:\/\/www.studio.hanko.lu\/about-hanko-studio\/#primaryimage"},"thumbnailUrl":"https:\/\/www.studio.hanko.lu\/wp-content\/uploads\/sites\/8\/2025\/11\/hanko-studio-sergio-alves-santos-portrait.webp","datePublished":"2025-11-24T08:11:58+00:00","dateModified":"2026-03-10T14:18:41+00:00","description":"HANKO Studio, founded in 2025 as part of HANKO S\u00c0RL, is a creative studio specializing in photography, video production, and web design.","breadcrumb":{"@id":"https:\/\/www.studio.hanko.lu\/about-hanko-studio\/#breadcrumb"},"inLanguage":"fr-FR","potentialAction":[{"@type":"ReadAction","target":["https:\/\/www.studio.hanko.lu\/about-hanko-studio\/"]}]},{"@type":"ImageObject","inLanguage":"fr-FR","@id":"https:\/\/www.studio.hanko.lu\/about-hanko-studio\/#primaryimage","url":"https:\/\/www.studio.hanko.lu\/wp-content\/uploads\/sites\/8\/2025\/11\/hanko-studio-sergio-alves-santos-portrait.webp","contentUrl":"https:\/\/www.studio.hanko.lu\/wp-content\/uploads\/sites\/8\/2025\/11\/hanko-studio-sergio-alves-santos-portrait.webp"},{"@type":"BreadcrumbList","@id":"https:\/\/www.studio.hanko.lu\/about-hanko-studio\/#breadcrumb","itemListElement":[{"@type":"ListItem","position":1,"name":"Home","item":"https:\/\/www.studio.hanko.lu\/"},{"@type":"ListItem","position":2,"name":"About HANKO Studio"}]},{"@type":"WebSite","@id":"https:\/\/www.studio.hanko.lu\/#website","url":"https:\/\/www.studio.hanko.lu\/","name":"Studio HANKO","description":"Photographie | Vid\u00e9o | Conception web | Tirages d&#039;art","publisher":{"@id":"https:\/\/www.studio.hanko.lu\/#organization"},"potentialAction":[{"@type":"SearchAction","target":{"@type":"EntryPoint","urlTemplate":"https:\/\/www.studio.hanko.lu\/?s={search_term_string}"},"query-input":{"@type":"PropertyValueSpecification","valueRequired":true,"valueName":"search_term_string"}}],"inLanguage":"fr-FR"},{"@type":"Organization","@id":"https:\/\/www.studio.hanko.lu\/#organization","name":"Studio HANKO","alternateName":"HANKO Studio Luxembourg","url":"https:\/\/www.studio.hanko.lu\/","logo":{"@type":"ImageObject","inLanguage":"fr-FR","@id":"https:\/\/www.studio.hanko.lu\/#\/schema\/logo\/image\/","url":"https:\/\/www.studio.hanko.lu\/wp-content\/uploads\/sites\/8\/2025\/06\/hanko-studio-favicon.png","contentUrl":"https:\/\/www.studio.hanko.lu\/wp-content\/uploads\/sites\/8\/2025\/06\/hanko-studio-favicon.png","width":512,"height":512,"caption":"HANKO Studio"},"image":{"@id":"https:\/\/www.studio.hanko.lu\/#\/schema\/logo\/image\/"},"sameAs":["https:\/\/www.instagram.com\/studio.hanko.lu\/"]}]}},"_links":{"self":[{"href":"https:\/\/www.studio.hanko.lu\/fr\/wp-json\/wp\/v2\/pages\/1460","targetHints":{"allow":["GET"]}}],"collection":[{"href":"https:\/\/www.studio.hanko.lu\/fr\/wp-json\/wp\/v2\/pages"}],"about":[{"href":"https:\/\/www.studio.hanko.lu\/fr\/wp-json\/wp\/v2\/types\/page"}],"author":[{"embeddable":true,"href":"https:\/\/www.studio.hanko.lu\/fr\/wp-json\/wp\/v2\/users\/1"}],"replies":[{"embeddable":true,"href":"https:\/\/www.studio.hanko.lu\/fr\/wp-json\/wp\/v2\/comments?post=1460"}],"version-history":[{"count":24,"href":"https:\/\/www.studio.hanko.lu\/fr\/wp-json\/wp\/v2\/pages\/1460\/revisions"}],"predecessor-version":[{"id":1715,"href":"https:\/\/www.studio.hanko.lu\/fr\/wp-json\/wp\/v2\/pages\/1460\/revisions\/1715"}],"wp:attachment":[{"href":"https:\/\/www.studio.hanko.lu\/fr\/wp-json\/wp\/v2\/media?parent=1460"}],"curies":[{"name":"wp","href":"https:\/\/api.w.org\/{rel}","templated":true}]}}